{"id":29316,"date":"2018-07-26T12:16:19","date_gmt":"2018-07-26T11:16:19","guid":{"rendered":"https:\/\/digitalskills.al\/na-kontaktoni\/"},"modified":"2025-04-03T11:15:00","modified_gmt":"2025-04-03T10:15:00","slug":"na-kontaktoni","status":"publish","type":"page","link":"https:\/\/digitalskills.al\/sq\/na-kontaktoni\/","title":{"rendered":"Na kontaktoni"},"content":{"rendered":"\t\t<div data-elementor-type=\"wp-page\" data-elementor-id=\"29316\" class=\"elementor elementor-29316 elementor-413\" data-elementor-post-type=\"page\">\n\t\t\t\t\t\t<section class=\"elementor-section elementor-top-section elementor-element elementor-element-250741e elementor-section-stretched elementor-section-height-full elementor-section-items-stretch elementor-section-content-middle elementor-section-boxed elementor-section-height-default\" data-id=\"250741e\" data-element_type=\"section\" data-e-type=\"section\" data-settings=\"{&quot;background_background&quot;:&quot;gradient&quot;,&quot;stretch_section&quot;:&quot;section-stretched&quot;}\">\n\t\t\t\t\t\t<div class=\"elementor-container elementor-column-gap-default\">\n\t\t\t\t\t<div class=\"elementor-column elementor-col-50 elementor-top-column elementor-element elementor-element-250a080\" data-id=\"250a080\" data-element_type=\"column\" data-e-type=\"column\">\n\t\t\t<div class=\"elementor-widget-wrap elementor-element-populated\">\n\t\t\t\t<div class=\"elementor-element elementor-element-8910c7b e-con-full e-flex e-con e-child\" data-id=\"8910c7b\" data-element_type=\"container\" data-e-type=\"container\">\n\t\t\t\t<div class=\"elementor-element elementor-element-d0cf615 elementor-widget elementor-widget-heading\" data-id=\"d0cf615\" data-element_type=\"widget\" data-e-type=\"widget\" data-widget_type=\"heading.default\">\n\t\t\t\t<div class=\"elementor-widget-container\">\n\t\t\t\t\t<h2 class=\"elementor-heading-title elementor-size-default\">Na kontaktoni<\/h2>\t\t\t\t<\/div>\n\t\t\t\t<\/div>\n\t\t\t\t<div class=\"elementor-element elementor-element-69c2ec9 elementor-widget elementor-widget-text-editor\" data-id=\"69c2ec9\" data-element_type=\"widget\" data-e-type=\"widget\" data-widget_type=\"text-editor.default\">\n\t\t\t\t<div class=\"elementor-widget-container\">\n\t\t\t\t\t\t\t\t\t<p>Adresa: Rruga Ismail Qemali Nr. 25<br \/>Qyteti: Tiran\u00eb<br \/>Shteti: Shqiperi<br \/>Numri i telefonit: +355\u00a068\u00a0604\u00a00074 <br \/>E-Mail: <a href=\"mailto:info@digitalskills.al\">info@digitalskills.al <\/a><\/p>\n\t\t\t\t\t\t\t\t<\/div>\n\t\t\t\t<\/div>\n\t\t\t\t<\/div>\n\t\t\t\t\t<\/div>\n\t\t<\/div>\n\t\t\t\t<div class=\"elementor-column elementor-col-50 elementor-top-column elementor-element elementor-element-870e0ce\" data-id=\"870e0ce\" data-element_type=\"column\" data-e-type=\"column\">\n\t\t\t<div class=\"elementor-widget-wrap elementor-element-populated\">\n\t\t\t\t\t\t<div class=\"elementor-element elementor-element-d64ce99 elementor-widget elementor-widget-vc_custom_heading\" data-id=\"d64ce99\" data-element_type=\"widget\" data-e-type=\"widget\" data-widget_type=\"vc_custom_heading.default\">\n\t\t\t\t<div class=\"elementor-widget-container\">\n\t\t\t\t\t<div class=\" vc_custom_heading  masterstudy_heading_font  text_align_left\" ><h4 style=\"text-align: left;font-weight:300\" class=\"masterstudy-custom-title\">Ju lutemi plot\u00ebsoni formularin e m\u00ebposht\u00ebm dhe ekipi jon\u00eb do t'ju kontaktoj\u00eb shum\u00eb shpejt\u00eb! \n<\/h4><\/div>\t\t\t\t<\/div>\n\t\t\t\t<\/div>\n\t\t\t\t<div class=\"elementor-element elementor-element-77d9184 elementor-widget elementor-widget-shortcode\" data-id=\"77d9184\" data-element_type=\"widget\" data-e-type=\"widget\" data-widget_type=\"shortcode.default\">\n\t\t\t\t<div class=\"elementor-widget-container\">\n\t\t\t\t\t\t\t<div class=\"elementor-shortcode\"><p class=\"wpcf7-contact-form-not-found\"><strong>Error:<\/strong> Contact form not found.<\/p><\/div>\n\t\t\t\t\t\t<\/div>\n\t\t\t\t<\/div>\n\t\t\t\t\t<\/div>\n\t\t<\/div>\n\t\t\t\t\t<\/div>\n\t\t<\/section>\n\t\t\t\t<section class=\"elementor-section elementor-top-section elementor-element elementor-element-3476dfa elementor-section-full_width elementor-section-height-default elementor-section-height-default\" data-id=\"3476dfa\" data-element_type=\"section\" data-e-type=\"section\">\n\t\t\t\t\t\t<div class=\"elementor-container elementor-column-gap-default\">\n\t\t\t\t\t<div class=\"elementor-column elementor-col-100 elementor-top-column elementor-element elementor-element-bca38f6\" data-id=\"bca38f6\" data-element_type=\"column\" data-e-type=\"column\">\n\t\t\t<div class=\"elementor-widget-wrap elementor-element-populated\">\n\t\t\t\t\t\t<div class=\"elementor-element elementor-element-c06ac69 elementor-widget elementor-widget-google_maps\" data-id=\"c06ac69\" data-element_type=\"widget\" data-e-type=\"widget\" data-widget_type=\"google_maps.default\">\n\t\t\t\t<div class=\"elementor-widget-container\">\n\t\t\t\t\t\t\t<div class=\"elementor-custom-embed\">\n\t\t\t<iframe loading=\"lazy\"\n\t\t\t\t\tsrc=\"https:\/\/maps.google.com\/maps?q=8RC8%2B5P%20Tirana%2C%20Albania&#038;t=m&#038;z=18&#038;output=embed&#038;iwloc=near\"\n\t\t\t\t\ttitle=\"8RC8+5P Tirana, Albania\"\n\t\t\t\t\taria-label=\"8RC8+5P Tirana, Albania\"\n\t\t\t><\/iframe>\n\t\t<\/div>\n\t\t\t\t\t\t<\/div>\n\t\t\t\t<\/div>\n\t\t\t\t\t<\/div>\n\t\t<\/div>\n\t\t\t\t\t<\/div>\n\t\t<\/section>\n\t\t\t\t<\/div>\n\t\t","protected":false},"excerpt":{"rendered":"<p>Na kontaktoni Adresa: Rruga Ismail Qemali Nr. 25Qyteti: Tiran\u00ebShteti: ShqiperiNumri i telefonit: +355\u00a068\u00a0604\u00a00074 E-Mail: info@digitalskills.al Ju lutemi plot\u00ebsoni formularin e m\u00ebposht\u00ebm dhe ekipi jon\u00eb do t&#8217;ju kontaktoj\u00eb shum\u00eb shpejt\u00eb!<\/p>\n","protected":false},"author":1,"featured_media":29266,"parent":0,"menu_order":0,"comment_status":"closed","ping_status":"closed","template":"elementor_header_footer","meta":{"_eb_attr":"","footnotes":""},"class_list":["post-29316","page","type-page","status-publish","has-post-thumbnail","hentry"],"yoast_head":"<!-- This site is optimized with the Yoast SEO plugin v27.5 - https:\/\/yoast.com\/product\/yoast-seo-wordpress\/ -->\n<title>Na kontaktoni - Digital Skills Albania<\/title>\n<meta name=\"description\" content=\"Keni pyetje apo keni nevoj\u00eb p\u00ebr ndihm\u00eb? P\u00ebrdorni formularin ton\u00eb t\u00eb kontaktit p\u00ebr t\u00eb kontaktuar drejtp\u00ebrdrejt me ekipin ton\u00eb n\u00eb Digital Skills Albania .\" \/>\n<meta name=\"robots\" content=\"index, follow, max-snippet:-1, max-image-preview:large, max-video-preview:-1\" \/>\n<link rel=\"canonical\" href=\"https:\/\/digitalskills.al\/sq\/na-kontaktoni\/\" \/>\n<meta property=\"og:locale\" content=\"sq_AL\" \/>\n<meta property=\"og:type\" content=\"article\" \/>\n<meta property=\"og:title\" content=\"Na kontaktoni - Digital Skills Albania\" \/>\n<meta property=\"og:description\" content=\"Keni pyetje apo keni nevoj\u00eb p\u00ebr ndihm\u00eb? P\u00ebrdorni formularin ton\u00eb t\u00eb kontaktit p\u00ebr t\u00eb kontaktuar drejtp\u00ebrdrejt me ekipin ton\u00eb n\u00eb Digital Skills Albania .\" \/>\n<meta property=\"og:url\" content=\"https:\/\/digitalskills.al\/sq\/na-kontaktoni\/\" \/>\n<meta property=\"og:site_name\" content=\"Digital Skills Albania\" \/>\n<meta property=\"article:modified_time\" content=\"2025-04-03T10:15:00+00:00\" \/>\n<meta property=\"og:image\" content=\"https:\/\/digitalskills.al\/wp-content\/uploads\/2024\/04\/DIGITAL-SKILLS-ICON-03-265x300.png\" \/>\n<meta name=\"twitter:card\" content=\"summary_large_image\" \/>\n<meta name=\"twitter:label1\" content=\"Est. reading time\" \/>\n\t<meta name=\"twitter:data1\" content=\"1 minute\" \/>\n<script type=\"application\/ld+json\" class=\"yoast-schema-graph\">{\"@context\":\"https:\\\/\\\/schema.org\",\"@graph\":[{\"@type\":\"WebPage\",\"@id\":\"https:\\\/\\\/digitalskills.al\\\/sq\\\/na-kontaktoni\\\/\",\"url\":\"https:\\\/\\\/digitalskills.al\\\/sq\\\/na-kontaktoni\\\/\",\"name\":\"Na kontaktoni - Digital Skills Albania\",\"isPartOf\":{\"@id\":\"https:\\\/\\\/digitalskills.al\\\/sq\\\/#website\"},\"primaryImageOfPage\":{\"@id\":\"https:\\\/\\\/digitalskills.al\\\/sq\\\/na-kontaktoni\\\/#primaryimage\"},\"image\":{\"@id\":\"https:\\\/\\\/digitalskills.al\\\/sq\\\/na-kontaktoni\\\/#primaryimage\"},\"thumbnailUrl\":\"https:\\\/\\\/digitalskills.al\\\/wp-content\\\/uploads\\\/2024\\\/04\\\/DIGITAL-SKILLS-ICON-03.png\",\"datePublished\":\"2018-07-26T11:16:19+00:00\",\"dateModified\":\"2025-04-03T10:15:00+00:00\",\"description\":\"Keni pyetje apo keni nevoj\u00eb p\u00ebr ndihm\u00eb? P\u00ebrdorni formularin ton\u00eb t\u00eb kontaktit p\u00ebr t\u00eb kontaktuar drejtp\u00ebrdrejt me ekipin ton\u00eb n\u00eb Digital Skills Albania .\",\"breadcrumb\":{\"@id\":\"https:\\\/\\\/digitalskills.al\\\/sq\\\/na-kontaktoni\\\/#breadcrumb\"},\"inLanguage\":\"sq-AL\",\"potentialAction\":[{\"@type\":\"ReadAction\",\"target\":[\"https:\\\/\\\/digitalskills.al\\\/sq\\\/na-kontaktoni\\\/\"]}]},{\"@type\":\"ImageObject\",\"inLanguage\":\"sq-AL\",\"@id\":\"https:\\\/\\\/digitalskills.al\\\/sq\\\/na-kontaktoni\\\/#primaryimage\",\"url\":\"https:\\\/\\\/digitalskills.al\\\/wp-content\\\/uploads\\\/2024\\\/04\\\/DIGITAL-SKILLS-ICON-03.png\",\"contentUrl\":\"https:\\\/\\\/digitalskills.al\\\/wp-content\\\/uploads\\\/2024\\\/04\\\/DIGITAL-SKILLS-ICON-03.png\",\"width\":557,\"height\":630},{\"@type\":\"BreadcrumbList\",\"@id\":\"https:\\\/\\\/digitalskills.al\\\/sq\\\/na-kontaktoni\\\/#breadcrumb\",\"itemListElement\":[{\"@type\":\"ListItem\",\"position\":1,\"name\":\"Home\",\"item\":\"https:\\\/\\\/digitalskills.al\\\/sq\\\/\"},{\"@type\":\"ListItem\",\"position\":2,\"name\":\"Na kontaktoni\"}]},{\"@type\":\"WebSite\",\"@id\":\"https:\\\/\\\/digitalskills.al\\\/sq\\\/#website\",\"url\":\"https:\\\/\\\/digitalskills.al\\\/sq\\\/\",\"name\":\"Digital Skills Albania\",\"description\":\"Unlock your potential\",\"publisher\":{\"@id\":\"https:\\\/\\\/digitalskills.al\\\/sq\\\/#organization\"},\"potentialAction\":[{\"@type\":\"SearchAction\",\"target\":{\"@type\":\"EntryPoint\",\"urlTemplate\":\"https:\\\/\\\/digitalskills.al\\\/sq\\\/?s={search_term_string}\"},\"query-input\":{\"@type\":\"PropertyValueSpecification\",\"valueRequired\":true,\"valueName\":\"search_term_string\"}}],\"inLanguage\":\"sq-AL\"},{\"@type\":\"Organization\",\"@id\":\"https:\\\/\\\/digitalskills.al\\\/sq\\\/#organization\",\"name\":\"Digital Skills Albania\",\"url\":\"https:\\\/\\\/digitalskills.al\\\/sq\\\/\",\"logo\":{\"@type\":\"ImageObject\",\"inLanguage\":\"sq-AL\",\"@id\":\"https:\\\/\\\/digitalskills.al\\\/sq\\\/#\\\/schema\\\/logo\\\/image\\\/\",\"url\":\"https:\\\/\\\/digitalskills.al\\\/wp-content\\\/uploads\\\/2024\\\/02\\\/DIGITAL-SKILLS-3D_ITALIC-007-02-1054x629.png\",\"contentUrl\":\"https:\\\/\\\/digitalskills.al\\\/wp-content\\\/uploads\\\/2024\\\/02\\\/DIGITAL-SKILLS-3D_ITALIC-007-02-1054x629.png\",\"width\":1055,\"height\":630,\"caption\":\"Digital Skills Albania\"},\"image\":{\"@id\":\"https:\\\/\\\/digitalskills.al\\\/sq\\\/#\\\/schema\\\/logo\\\/image\\\/\"}}]}<\/script>\n<!-- \/ Yoast SEO plugin. -->","yoast_head_json":{"title":"Na kontaktoni - Digital Skills Albania","description":"Keni pyetje apo keni nevoj\u00eb p\u00ebr ndihm\u00eb? P\u00ebrdorni formularin ton\u00eb t\u00eb kontaktit p\u00ebr t\u00eb kontaktuar drejtp\u00ebrdrejt me ekipin ton\u00eb n\u00eb Digital Skills Albania .","robots":{"index":"index","follow":"follow","max-snippet":"max-snippet:-1","max-image-preview":"max-image-preview:large","max-video-preview":"max-video-preview:-1"},"canonical":"https:\/\/digitalskills.al\/sq\/na-kontaktoni\/","og_locale":"sq_AL","og_type":"article","og_title":"Na kontaktoni - Digital Skills Albania","og_description":"Keni pyetje apo keni nevoj\u00eb p\u00ebr ndihm\u00eb? P\u00ebrdorni formularin ton\u00eb t\u00eb kontaktit p\u00ebr t\u00eb kontaktuar drejtp\u00ebrdrejt me ekipin ton\u00eb n\u00eb Digital Skills Albania .","og_url":"https:\/\/digitalskills.al\/sq\/na-kontaktoni\/","og_site_name":"Digital Skills Albania","article_modified_time":"2025-04-03T10:15:00+00:00","og_image":[{"url":"https:\/\/digitalskills.al\/wp-content\/uploads\/2024\/04\/DIGITAL-SKILLS-ICON-03-265x300.png","type":"","width":"","height":""}],"twitter_card":"summary_large_image","twitter_misc":{"Est. reading time":"1 minute"},"schema":{"@context":"https:\/\/schema.org","@graph":[{"@type":"WebPage","@id":"https:\/\/digitalskills.al\/sq\/na-kontaktoni\/","url":"https:\/\/digitalskills.al\/sq\/na-kontaktoni\/","name":"Na kontaktoni - Digital Skills Albania","isPartOf":{"@id":"https:\/\/digitalskills.al\/sq\/#website"},"primaryImageOfPage":{"@id":"https:\/\/digitalskills.al\/sq\/na-kontaktoni\/#primaryimage"},"image":{"@id":"https:\/\/digitalskills.al\/sq\/na-kontaktoni\/#primaryimage"},"thumbnailUrl":"https:\/\/digitalskills.al\/wp-content\/uploads\/2024\/04\/DIGITAL-SKILLS-ICON-03.png","datePublished":"2018-07-26T11:16:19+00:00","dateModified":"2025-04-03T10:15:00+00:00","description":"Keni pyetje apo keni nevoj\u00eb p\u00ebr ndihm\u00eb? P\u00ebrdorni formularin ton\u00eb t\u00eb kontaktit p\u00ebr t\u00eb kontaktuar drejtp\u00ebrdrejt me ekipin ton\u00eb n\u00eb Digital Skills Albania .","breadcrumb":{"@id":"https:\/\/digitalskills.al\/sq\/na-kontaktoni\/#breadcrumb"},"inLanguage":"sq-AL","potentialAction":[{"@type":"ReadAction","target":["https:\/\/digitalskills.al\/sq\/na-kontaktoni\/"]}]},{"@type":"ImageObject","inLanguage":"sq-AL","@id":"https:\/\/digitalskills.al\/sq\/na-kontaktoni\/#primaryimage","url":"https:\/\/digitalskills.al\/wp-content\/uploads\/2024\/04\/DIGITAL-SKILLS-ICON-03.png","contentUrl":"https:\/\/digitalskills.al\/wp-content\/uploads\/2024\/04\/DIGITAL-SKILLS-ICON-03.png","width":557,"height":630},{"@type":"BreadcrumbList","@id":"https:\/\/digitalskills.al\/sq\/na-kontaktoni\/#breadcrumb","itemListElement":[{"@type":"ListItem","position":1,"name":"Home","item":"https:\/\/digitalskills.al\/sq\/"},{"@type":"ListItem","position":2,"name":"Na kontaktoni"}]},{"@type":"WebSite","@id":"https:\/\/digitalskills.al\/sq\/#website","url":"https:\/\/digitalskills.al\/sq\/","name":"Digital Skills Albania","description":"Unlock your potential","publisher":{"@id":"https:\/\/digitalskills.al\/sq\/#organization"},"potentialAction":[{"@type":"SearchAction","target":{"@type":"EntryPoint","urlTemplate":"https:\/\/digitalskills.al\/sq\/?s={search_term_string}"},"query-input":{"@type":"PropertyValueSpecification","valueRequired":true,"valueName":"search_term_string"}}],"inLanguage":"sq-AL"},{"@type":"Organization","@id":"https:\/\/digitalskills.al\/sq\/#organization","name":"Digital Skills Albania","url":"https:\/\/digitalskills.al\/sq\/","logo":{"@type":"ImageObject","inLanguage":"sq-AL","@id":"https:\/\/digitalskills.al\/sq\/#\/schema\/logo\/image\/","url":"https:\/\/digitalskills.al\/wp-content\/uploads\/2024\/02\/DIGITAL-SKILLS-3D_ITALIC-007-02-1054x629.png","contentUrl":"https:\/\/digitalskills.al\/wp-content\/uploads\/2024\/02\/DIGITAL-SKILLS-3D_ITALIC-007-02-1054x629.png","width":1055,"height":630,"caption":"Digital Skills Albania"},"image":{"@id":"https:\/\/digitalskills.al\/sq\/#\/schema\/logo\/image\/"}}]}},"_links":{"self":[{"href":"https:\/\/digitalskills.al\/sq\/wp-json\/wp\/v2\/pages\/29316","targetHints":{"allow":["GET"]}}],"collection":[{"href":"https:\/\/digitalskills.al\/sq\/wp-json\/wp\/v2\/pages"}],"about":[{"href":"https:\/\/digitalskills.al\/sq\/wp-json\/wp\/v2\/types\/page"}],"author":[{"embeddable":true,"href":"https:\/\/digitalskills.al\/sq\/wp-json\/wp\/v2\/users\/1"}],"replies":[{"embeddable":true,"href":"https:\/\/digitalskills.al\/sq\/wp-json\/wp\/v2\/comments?post=29316"}],"version-history":[{"count":24,"href":"https:\/\/digitalskills.al\/sq\/wp-json\/wp\/v2\/pages\/29316\/revisions"}],"predecessor-version":[{"id":31765,"href":"https:\/\/digitalskills.al\/sq\/wp-json\/wp\/v2\/pages\/29316\/revisions\/31765"}],"wp:featuredmedia":[{"embeddable":true,"href":"https:\/\/digitalskills.al\/sq\/wp-json\/wp\/v2\/media\/29266"}],"wp:attachment":[{"href":"https:\/\/digitalskills.al\/sq\/wp-json\/wp\/v2\/media?parent=29316"}],"curies":[{"name":"wp","href":"https:\/\/api.w.org\/{rel}","templated":true}]}}